{"id":801,"date":"2023-11-12T16:46:55","date_gmt":"2023-11-12T16:46:55","guid":{"rendered":"http:\/\/matastro.pt\/astro\/?page_id=801"},"modified":"2025-12-08T11:18:27","modified_gmt":"2025-12-08T11:18:27","slug":"constelacoes","status":"publish","type":"page","link":"http:\/\/matastro.pt\/astro\/constelacoes\/","title":{"rendered":"Constela\u00e7\u00f5es"},"content":{"rendered":"\n<p class=\"has-small-font-size\">Tabela com a numera\u00e7\u00e3o da IAU (Uni\u00e3o Astron\u00f3mica Internacional), que progride grosso modo do P\u00f3lo Norte Celeste para o P\u00f3lo Sul Celeste: Boreal &#8211; hemisf\u00e9rio celeste norte; Ecl\u00edptica &#8211; popularmente designadas de zod\u00edaco; Austral &#8211; hemisf\u00e9rio celeste sul.<\/p>\n\n\n<div class=\"wp-block-image\">\n<figure class=\"aligncenter size-medium_large\"><img loading=\"lazy\" decoding=\"async\" width=\"768\" height=\"20447\" src=\"https:\/\/matastro.pt\/astro\/wp-content\/uploads\/2025\/12\/constelacoes-768x20447.jpg\" alt=\"\" class=\"wp-image-2857\"\/><\/figure>\n<\/div>","protected":false},"excerpt":{"rendered":"<p>Tabela com a numera\u00e7\u00e3o da IAU (Uni\u00e3o Astron\u00f3mica Internacional), que progride grosso modo do P\u00f3lo Norte Celeste para o P\u00f3lo Sul Celeste: Boreal &#8211; hemisf\u00e9rio celeste norte; Ecl\u00edptica &#8211; popularmente designadas de zod\u00edaco; Austral &#8211; hemisf\u00e9rio celeste sul.<\/p>\n","protected":false},"author":1,"featured_media":0,"parent":0,"menu_order":0,"comment_status":"closed","ping_status":"closed","template":"","meta":{"footnotes":""},"class_list":["post-801","page","type-page","status-publish","hentry"],"_links":{"self":[{"href":"http:\/\/matastro.pt\/astro\/wp-json\/wp\/v2\/pages\/801","targetHints":{"allow":["GET"]}}],"collection":[{"href":"http:\/\/matastro.pt\/astro\/wp-json\/wp\/v2\/pages"}],"about":[{"href":"http:\/\/matastro.pt\/astro\/wp-json\/wp\/v2\/types\/page"}],"author":[{"embeddable":true,"href":"http:\/\/matastro.pt\/astro\/wp-json\/wp\/v2\/users\/1"}],"replies":[{"embeddable":true,"href":"http:\/\/matastro.pt\/astro\/wp-json\/wp\/v2\/comments?post=801"}],"version-history":[{"count":47,"href":"http:\/\/matastro.pt\/astro\/wp-json\/wp\/v2\/pages\/801\/revisions"}],"predecessor-version":[{"id":2858,"href":"http:\/\/matastro.pt\/astro\/wp-json\/wp\/v2\/pages\/801\/revisions\/2858"}],"wp:attachment":[{"href":"http:\/\/matastro.pt\/astro\/wp-json\/wp\/v2\/media?parent=801"}],"curies":[{"name":"wp","href":"https:\/\/api.w.org\/{rel}","templated":true}]}}