{"id":36,"date":"2023-06-28T07:32:10","date_gmt":"2023-06-28T07:32:10","guid":{"rendered":"https:\/\/astromat.pt\/paredesmeteo\/home\/"},"modified":"2026-04-21T17:50:04","modified_gmt":"2026-04-21T17:50:04","slug":"home","status":"publish","type":"page","link":"https:\/\/matastro.pt\/meteo\/","title":{"rendered":""},"content":{"rendered":"\n<p style=\"text-align: center;\"><iframe src=\"https:\/\/matastro.pt\/estacao-agudela.php\" width=\"100%\"  align=\"middle\" frameBorder=\"0\" scrolling=\"no\"><\/iframe>\n\n\n\n<p>Os registos atuais s\u00e3o experimentais As miniesta\u00e7\u00f5es que est\u00e3o em desenvolvimento j\u00e1 reportam alguns dados reais.<\/p>\n\n\n\n<div class=\"wp-block-columns is-layout-flex wp-container-core-columns-is-layout-9d6595d7 wp-block-columns-is-layout-flex\">\n<div class=\"wp-block-column is-layout-flow wp-block-column-is-layout-flow\">\n<p>Temperatura<\/p>\n<iframe loading=\"lazy\" width=\"450\" height=\"260\" style=\"border: 1px solid #cccccc;\" src=\"https:\/\/thingspeak.com\/channels\/3090819\/widgets\/1151487\"><\/iframe>\n<\/div>\n\n\n\n<div class=\"wp-block-column is-layout-flow wp-block-column-is-layout-flow\">\n<p>Vento<\/p>\n<iframe loading=\"lazy\" width=\"450\" height=\"260\" style=\"border: 1px solid #cccccc;\" src=\"https:\/\/thingspeak.com\/channels\/3090819\/widgets\/1170743\"><\/iframe>\n<\/div>\n<\/div>\n\n\n\n<div class=\"wp-block-columns is-layout-flex wp-container-core-columns-is-layout-9d6595d7 wp-block-columns-is-layout-flex\">\n<div class=\"wp-block-column is-layout-flow wp-block-column-is-layout-flow\">\n<iframe loading=\"lazy\" width=\"450\" height=\"260\" style=\"border: 1px solid #cccccc;\" src=\"https:\/\/thingspeak.com\/channels\/3090819\/charts\/1?bgcolor=%23ffffff&#038;color=%23d62020&#038;dynamic=true&#038;results=4000&#038;type=line&#038;xaxis=Hora&#038;yaxis=Temperatura+%C2%B0C&#038;yaxismax=40&#038;yaxismin=-5\"><\/iframe>\n<\/div>\n\n\n\n<div class=\"wp-block-column is-layout-flow wp-block-column-is-layout-flow\">\n<iframe loading=\"lazy\" width=\"450\" height=\"260\" style=\"border: 1px solid #cccccc;\" src=\"https:\/\/thingspeak.com\/channels\/3090819\/charts\/2?bgcolor=%23ffffff&#038;color=%23d62020&#038;dynamic=true&#038;results=4000&#038;timescale=10&#038;type=line&#038;xaxis=Hora&#038;yaxismax=100&#038;yaxismin=0\"><\/iframe>\n<\/div>\n<\/div>\n\n\n\n<script>\n        (function(d, s, id) {\n            if (d.getElementById(id)) {\n                if (window.__TOMORROW__) {\n                    window.__TOMORROW__.renderWidget();\n                }\n                return;\n            }\n            const fjs = d.getElementsByTagName(s)[0];\n            const js = d.createElement(s);\n            js.id = id;\n            js.src = \"https:\/\/www.tomorrow.io\/v1\/widget\/sdk\/sdk.bundle.min.js\";\n\n            fjs.parentNode.insertBefore(js, fjs);\n        })(document, 'script', 'tomorrow-sdk');\n        <\/script>\n\n        <div class=\"tomorrow\"\n           data-location-id=\"2084989\"\n           data-language=\"PT\"\n           data-unit-system=\"METRIC\"\n           data-skin=\"light\"\n           data-widget-type=\"upcoming\"\n           style=\"padding-bottom:22px;position:relative;\"\n        >\n          <a\n            href=\"https:\/\/weather.tomorrow.io\/\"\n            rel=\"nofollow noopener noreferrer\"\n            target=\"_blank\"\n            style=\"position: absolute; bottom: 0; transform: translateX(-50%); left: 50%;\"\n          >\n            <img loading=\"lazy\" decoding=\"async\"\n              alt=\"Powered by Tomorrow.io\"\n              src=\"https:\/\/weather-website-client.tomorrow.io\/img\/powered-by.svg\"\n              width=\"250\"\n              height=\"18\"\n            \/>\n          <\/a>\n        <\/div>\n\n\n\n<p style=\"text-align: center;\"><iframe src=\"https:\/\/matastro.pt\/estacao-paredes.php\" width=\"100%\"  align=\"middle\" frameBorder=\"0\" scrolling=\"no\"><\/iframe>\n\n\n\n<p>Os registos atuais s\u00e3o experimentais As miniesta\u00e7\u00f5es que est\u00e3o em desenvolvimento j\u00e1 reportam alguns dados reais.<\/p>\n\n\n\n<div class=\"wp-block-columns is-layout-flex wp-container-core-columns-is-layout-9d6595d7 wp-block-columns-is-layout-flex\">\n<div class=\"wp-block-column is-layout-flow wp-block-column-is-layout-flow\">\n<p>Temperatura<\/p>\n<iframe loading=\"lazy\" width=\"450\" height=\"260\" style=\"border: 1px solid #cccccc;\" src=\"https:\/\/thingspeak.com\/channels\/3114349\/widgets\/1196636\"><\/iframe>\n<\/div>\n\n\n\n<div class=\"wp-block-column is-layout-flow wp-block-column-is-layout-flow\">\n<p>Vento<\/p>\n<iframe loading=\"lazy\" width=\"450\" height=\"260\" style=\"border: 1px solid #cccccc;\" src=\"https:\/\/thingspeak.com\/channels\/3114349\/widgets\/1201193\"><\/iframe>\n<\/div>\n<\/div>\n\n\n\n<div class=\"wp-block-columns is-layout-flex wp-container-core-columns-is-layout-9d6595d7 wp-block-columns-is-layout-flex\">\n<div class=\"wp-block-column is-layout-flow wp-block-column-is-layout-flow\">\n<iframe loading=\"lazy\" width=\"450\" height=\"260\" style=\"border: 1px solid #cccccc;\" src=\"https:\/\/thingspeak.com\/channels\/3114349\/charts\/1?bgcolor=%23ffffff&#038;color=%23d62020&#038;dynamic=true&#038;results=4000&#038;timescale=10&#038;type=line&#038;xaxis=Hora&#038;yaxismax=40&#038;yaxismin=-5\"><\/iframe>\n<\/div>\n\n\n\n<div class=\"wp-block-column is-layout-flow wp-block-column-is-layout-flow\">\n<iframe loading=\"lazy\" width=\"450\" height=\"260\" style=\"border: 1px solid #cccccc;\" src=\"https:\/\/thingspeak.com\/channels\/3114349\/charts\/2?bgcolor=%23ffffff&#038;color=%23d62020&#038;dynamic=true&#038;results=4000&#038;type=line&#038;xaxis=Hora&#038;yaxismax=100&#038;yaxismin=0\"><\/iframe>\n<\/div>\n<\/div>\n\n\n\n<script>\n        (function(d, s, id) {\n            if (d.getElementById(id)) {\n                if (window.__TOMORROW__) {\n                    window.__TOMORROW__.renderWidget();\n                }\n                return;\n            }\n            const fjs = d.getElementsByTagName(s)[0];\n            const js = d.createElement(s);\n            js.id = id;\n            js.src = \"https:\/\/www.tomorrow.io\/v1\/widget\/sdk\/sdk.bundle.min.js\";\n\n            fjs.parentNode.insertBefore(js, fjs);\n        })(document, 'script', 'tomorrow-sdk');\n        <\/script>\n\n        <div class=\"tomorrow\"\n           data-location-id=\"089383\"\n           data-language=\"PT\"\n           data-unit-system=\"METRIC\"\n           data-skin=\"light\"\n           data-widget-type=\"upcoming\"\n           style=\"padding-bottom:22px;position:relative;\"\n        >\n          <a\n            href=\"https:\/\/weather.tomorrow.io\/\"\n            rel=\"nofollow noopener noreferrer\"\n            target=\"_blank\"\n            style=\"position: absolute; bottom: 0; transform: translateX(-50%); left: 50%;\"\n          >\n            <img loading=\"lazy\" decoding=\"async\"\n              alt=\"Powered by Tomorrow.io\"\n              src=\"https:\/\/weather-website-client.tomorrow.io\/img\/powered-by.svg\"\n              width=\"250\"\n              height=\"18\"\n            \/>\n          <\/a>\n        <\/div>\n\n\n\n<p><\/p>\n","protected":false},"excerpt":{"rendered":"<p> Os registos atuais s\u00e3o experimentais As miniesta\u00e7\u00f5es que est\u00e3o em desenvolvimento j\u00e1 reportam alguns dados reais. Temperatura Vento Os registos atuais s\u00e3o experimentais As miniesta\u00e7\u00f5es que est\u00e3o em desenvolvimento j\u00e1 reportam alguns dados reais. Temperatura Vento <a class=\"read-more meta-nav\" href=\"https:\/\/matastro.pt\/meteo\/\">Read more &raquo;<\/a><\/p>","protected":false},"author":1,"featured_media":0,"parent":0,"menu_order":0,"comment_status":"closed","ping_status":"closed","template":"","meta":{"footnotes":""},"class_list":["post-36","page","type-page","status-publish","hentry"],"_links":{"self":[{"href":"https:\/\/matastro.pt\/meteo\/wp-json\/wp\/v2\/pages\/36","targetHints":{"allow":["GET"]}}],"collection":[{"href":"https:\/\/matastro.pt\/meteo\/wp-json\/wp\/v2\/pages"}],"about":[{"href":"https:\/\/matastro.pt\/meteo\/wp-json\/wp\/v2\/types\/page"}],"author":[{"embeddable":true,"href":"https:\/\/matastro.pt\/meteo\/wp-json\/wp\/v2\/users\/1"}],"replies":[{"embeddable":true,"href":"https:\/\/matastro.pt\/meteo\/wp-json\/wp\/v2\/comments?post=36"}],"version-history":[{"count":219,"href":"https:\/\/matastro.pt\/meteo\/wp-json\/wp\/v2\/pages\/36\/revisions"}],"predecessor-version":[{"id":1125,"href":"https:\/\/matastro.pt\/meteo\/wp-json\/wp\/v2\/pages\/36\/revisions\/1125"}],"wp:attachment":[{"href":"https:\/\/matastro.pt\/meteo\/wp-json\/wp\/v2\/media?parent=36"}],"curies":[{"name":"wp","href":"https:\/\/api.w.org\/{rel}","templated":true}]}}